{"id":3124,"date":"2020-05-28T04:14:44","date_gmt":"2020-05-28T04:14:44","guid":{"rendered":"http:\/\/wpdemo.archiwp.com\/theratio\/?post_type=product&#038;p=3124"},"modified":"2026-02-26T13:48:10","modified_gmt":"2026-02-26T13:48:10","slug":"patatera","status":"publish","type":"product","link":"https:\/\/xarcuteriapaqui.es\/index.php\/producto\/patatera\/","title":{"rendered":"Patatera"},"content":{"rendered":"<div data-subtree=\"aimfl,mfl\" data-processed=\"true\">La patatera es un <mark class=\"HxTRcb\" data-processed=\"true\">embutido tradicional de Extremadura, Espa\u00f1a, elaborado a base de pur\u00e9 de patata cocida, grasa de cerdo ib\u00e9rico y piment\u00f3n de la Vera (dulce o picante)<\/mark>. Aunque se le llama a menudo \u00abmorcilla\u00bb, <strong class=\"Yjhzub\" data-processed=\"true\">no lleva sangre<\/strong>. Tiene una textura untuosa, ideal para comer en rodajas o untada en pan.<\/div>\n","protected":false},"excerpt":{"rendered":"<p>Elaborado con cerdos criados y alimentados de bellotas en la dehesa extreme\u00f1a.<\/p>\n","protected":false},"featured_media":3125,"comment_status":"open","ping_status":"closed","template":"","meta":[],"product_brand":[],"product_cat":[67,57],"product_tag":[],"class_list":{"0":"post-3124","1":"product","2":"type-product","3":"status-publish","4":"has-post-thumbnail","6":"product_cat-productos-gourmet","7":"product_cat-quesos","9":"first","10":"instock","11":"taxable","12":"shipping-taxable","13":"purchasable","14":"product-type-simple"},"_links":{"self":[{"href":"https:\/\/xarcuteriapaqui.es\/index.php\/wp-json\/wp\/v2\/product\/3124","targetHints":{"allow":["GET"]}}],"collection":[{"href":"https:\/\/xarcuteriapaqui.es\/index.php\/wp-json\/wp\/v2\/product"}],"about":[{"href":"https:\/\/xarcuteriapaqui.es\/index.php\/wp-json\/wp\/v2\/types\/product"}],"replies":[{"embeddable":true,"href":"https:\/\/xarcuteriapaqui.es\/index.php\/wp-json\/wp\/v2\/comments?post=3124"}],"version-history":[{"count":1,"href":"https:\/\/xarcuteriapaqui.es\/index.php\/wp-json\/wp\/v2\/product\/3124\/revisions"}],"predecessor-version":[{"id":6393,"href":"https:\/\/xarcuteriapaqui.es\/index.php\/wp-json\/wp\/v2\/product\/3124\/revisions\/6393"}],"wp:featuredmedia":[{"embeddable":true,"href":"https:\/\/xarcuteriapaqui.es\/index.php\/wp-json\/"}],"wp:attachment":[{"href":"https:\/\/xarcuteriapaqui.es\/index.php\/wp-json\/wp\/v2\/media?parent=3124"}],"wp:term":[{"taxonomy":"product_brand","embeddable":true,"href":"https:\/\/xarcuteriapaqui.es\/index.php\/wp-json\/wp\/v2\/product_brand?post=3124"},{"taxonomy":"product_cat","embeddable":true,"href":"https:\/\/xarcuteriapaqui.es\/index.php\/wp-json\/wp\/v2\/product_cat?post=3124"},{"taxonomy":"product_tag","embeddable":true,"href":"https:\/\/xarcuteriapaqui.es\/index.php\/wp-json\/wp\/v2\/product_tag?post=3124"}],"curies":[{"name":"wp","href":"https:\/\/api.w.org\/{rel}","templated":true}]}}