{"id":7282,"date":"2026-04-18T23:29:51","date_gmt":"2026-04-18T23:29:51","guid":{"rendered":"https:\/\/xarcuteriapaqui.es\/?page_id=7282"},"modified":"2026-04-19T00:54:22","modified_gmt":"2026-04-19T00:54:22","slug":"jamones","status":"publish","type":"page","link":"https:\/\/xarcuteriapaqui.es\/index.php\/especialidades\/jamones\/","title":{"rendered":"Jamones"},"content":{"rendered":"\t\t<div data-elementor-type=\"wp-page\" data-elementor-id=\"7282\" class=\"elementor elementor-7282\">\n\t\t\t\t<div class=\"elementor-element elementor-element-056e289 e-flex e-con-boxed e-con e-parent\" data-id=\"056e289\" data-element_type=\"container\" data-e-type=\"container\">\n\t\t\t\t\t<div class=\"e-con-inner\">\n\t\t<div class=\"elementor-element elementor-element-ac7d28a e-con-full e-flex e-con e-child\" data-id=\"ac7d28a\" data-element_type=\"container\" data-e-type=\"container\">\n\t\t\t\t<div class=\"elementor-element elementor-element-43d865b elementor-widget elementor-widget-image\" data-id=\"43d865b\" data-element_type=\"widget\" data-e-type=\"widget\" data-widget_type=\"image.default\">\n\t\t\t\t\t\t\t\t\t\t\t\t\t\t\t<img fetchpriority=\"high\" decoding=\"async\" width=\"1024\" height=\"507\" src=\"https:\/\/xarcuteriapaqui.es\/wp-content\/uploads\/2026\/02\/jamones-1024x507.jpg\" class=\"attachment-large size-large wp-image-5649\" alt=\"\" srcset=\"https:\/\/xarcuteriapaqui.es\/wp-content\/uploads\/2026\/02\/jamones-1024x507.jpg 1024w, https:\/\/xarcuteriapaqui.es\/wp-content\/uploads\/2026\/02\/jamones-300x148.jpg 300w, https:\/\/xarcuteriapaqui.es\/wp-content\/uploads\/2026\/02\/jamones-768x380.jpg 768w, https:\/\/xarcuteriapaqui.es\/wp-content\/uploads\/2026\/02\/jamones-1536x760.jpg 1536w, https:\/\/xarcuteriapaqui.es\/wp-content\/uploads\/2026\/02\/jamones-435x215.jpg 435w, https:\/\/xarcuteriapaqui.es\/wp-content\/uploads\/2026\/02\/jamones-720x356.jpg 720w, https:\/\/xarcuteriapaqui.es\/wp-content\/uploads\/2026\/02\/jamones.jpg 1920w\" sizes=\"(max-width: 1024px) 100vw, 1024px\" \/>\t\t\t\t\t\t\t\t\t\t\t\t\t\t\t<\/div>\n\t\t\t\t<\/div>\n\t\t<div class=\"elementor-element elementor-element-0035ad5 e-con-full e-flex e-con e-child\" data-id=\"0035ad5\" data-element_type=\"container\" data-e-type=\"container\">\n\t\t<div class=\"elementor-element elementor-element-ffcee78 e-con-full e-flex e-con e-child\" data-id=\"ffcee78\" data-element_type=\"container\" data-e-type=\"container\">\n\t\t\t\t<div class=\"elementor-element elementor-element-136b041 theratio-align-center elementor-widget elementor-widget-iheading\" data-id=\"136b041\" data-element_type=\"widget\" data-e-type=\"widget\" data-widget_type=\"iheading.default\">\n\t\t\t\t<div class=\"elementor-widget-container\">\n\t\t\t\t\t\t\t<div class=\"ot-heading is-dots\">\r\n\t        <span>[ JAMONES SELECCIONADOS CON ORIGEN Y TRADICI\u00d3N ]<\/span>\t        <h3 class=\"main-heading\">Calidad que se nota en cada corte<\/h3>\t    <\/div>\r\n\t    \t\t\t\t<\/div>\n\t\t\t\t<\/div>\n\t\t\t\t<\/div>\n\t\t<div class=\"elementor-element elementor-element-52a2eb1 e-con-full e-flex e-con e-child\" data-id=\"52a2eb1\" data-element_type=\"container\" data-e-type=\"container\">\n\t\t<div class=\"elementor-element elementor-element-2f9e611 e-grid e-con-full e-con e-child\" data-id=\"2f9e611\" data-element_type=\"container\" data-e-type=\"container\">\n\t\t\t\t<div class=\"elementor-element elementor-element-8b6a40b elementor-widget elementor-widget-text-editor\" data-id=\"8b6a40b\" data-element_type=\"widget\" data-e-type=\"widget\" data-widget_type=\"text-editor.default\">\n\t\t\t\t\t\t\t\t\t<p><strong>El jam\u00f3n no es solo un producto, es una experiencia.<\/strong><\/p>\n<p>En Xarcuteria Selecta Paqui, seleccionamos cada pieza pensando en lo m\u00e1s importante:&nbsp;<strong>el sabor, la calidad&nbsp;<\/strong>y el&nbsp;<strong>disfrute real.<\/strong><\/p>\t\t\t\t\t\t\t\t<\/div>\n\t\t\t\t<\/div>\n\t\t\t\t<\/div>\n\t\t\t\t<\/div>\n\t\t\t\t\t<\/div>\n\t\t\t\t<\/div>\n\t\t<div class=\"elementor-element elementor-element-378a6d9 e-flex e-con-boxed e-con e-parent\" data-id=\"378a6d9\" data-element_type=\"container\" data-e-type=\"container\">\n\t\t\t\t\t<div class=\"e-con-inner\">\n\t\t\t\t<div class=\"elementor-element elementor-element-61dd971 elementor-widget elementor-widget-spacer\" data-id=\"61dd971\" data-element_type=\"widget\" data-e-type=\"widget\" data-widget_type=\"spacer.default\">\n\t\t\t\t\t\t\t<div class=\"elementor-spacer\">\n\t\t\t<div class=\"elementor-spacer-inner\"><\/div>\n\t\t<\/div>\n\t\t\t\t\t\t<\/div>\n\t\t\t\t\t<\/div>\n\t\t\t\t<\/div>\n\t\t<div class=\"elementor-element elementor-element-c94be3a e-grid e-con-boxed e-con e-parent\" data-id=\"c94be3a\" data-element_type=\"container\" data-e-type=\"container\" data-settings=\"{&quot;background_background&quot;:&quot;classic&quot;}\">\n\t\t\t\t\t<div class=\"e-con-inner\">\n\t\t<div class=\"elementor-element elementor-element-59ce7c0 e-grid e-con-full e-con e-child\" data-id=\"59ce7c0\" data-element_type=\"container\" data-e-type=\"container\">\n\t\t\t\t<div class=\"elementor-element elementor-element-1db3986 elementor-widget elementor-widget-heading\" data-id=\"1db3986\" data-element_type=\"widget\" data-e-type=\"widget\" data-widget_type=\"heading.default\">\n\t\t\t\t\t<h5 class=\"elementor-heading-title elementor-size-default\">Selecci\u00f3n Artesanal<\/h5>\t\t\t\t<\/div>\n\t\t\t\t<div class=\"elementor-element elementor-element-c5ab272 elementor-widget elementor-widget-text-editor\" data-id=\"c5ab272\" data-element_type=\"widget\" data-e-type=\"widget\" data-widget_type=\"text-editor.default\">\n\t\t\t\t\t\t\t\t\t<p>Sabemos que elegir un buen jam\u00f3n no siempre es f\u00e1cil, por eso&#8230;<\/p>\t\t\t\t\t\t\t\t<\/div>\n\t\t\t\t<\/div>\n\t\t<div class=\"elementor-element elementor-element-37b8a40 e-grid e-con-full e-con e-child\" data-id=\"37b8a40\" data-element_type=\"container\" data-e-type=\"container\">\n\t\t\t\t<div class=\"elementor-element elementor-element-08c7a8e elementor-widget elementor-widget-heading\" data-id=\"08c7a8e\" data-element_type=\"widget\" data-e-type=\"widget\" data-widget_type=\"heading.default\">\n\t\t\t\t\t<h5 class=\"elementor-heading-title elementor-size-default\">Asesoramiento Personalizado<\/h5>\t\t\t\t<\/div>\n\t\t\t\t<div class=\"elementor-element elementor-element-d7d440e elementor-widget elementor-widget-text-editor\" data-id=\"d7d440e\" data-element_type=\"widget\" data-e-type=\"widget\" data-widget_type=\"text-editor.default\">\n\t\t\t\t\t\t\t\t\t<p>&#8230;te asesoramos para que encuentres el jam\u00f3n que mejor se adapta a tu gusto o a la ocasi\u00f3n.<\/p>\t\t\t\t\t\t\t\t<\/div>\n\t\t\t\t<\/div>\n\t\t<div class=\"elementor-element elementor-element-597f641 e-grid e-con-full e-con e-child\" data-id=\"597f641\" data-element_type=\"container\" data-e-type=\"container\">\n\t\t\t\t<div class=\"elementor-element elementor-element-ecc9dbb elementor-widget elementor-widget-heading\" data-id=\"ecc9dbb\" data-element_type=\"widget\" data-e-type=\"widget\" data-widget_type=\"heading.default\">\n\t\t\t\t\t<h5 class=\"elementor-heading-title elementor-size-default\">Producto de origen<\/h5>\t\t\t\t<\/div>\n\t\t\t\t<div class=\"elementor-element elementor-element-747e325 elementor-widget elementor-widget-text-editor\" data-id=\"747e325\" data-element_type=\"widget\" data-e-type=\"widget\" data-widget_type=\"text-editor.default\">\n\t\t\t\t\t\t\t\t\t<p>Trabajamos con jamones que respetan los procesos tradicionales de curaci\u00f3n, donde el tiempo, la alimentaci\u00f3n y el origen, marcan la diferencia en cada corte.<\/p>\t\t\t\t\t\t\t\t<\/div>\n\t\t\t\t<\/div>\n\t\t<div class=\"elementor-element elementor-element-b761ede e-grid e-con-full e-con e-child\" data-id=\"b761ede\" data-element_type=\"container\" data-e-type=\"container\">\n\t\t\t\t<div class=\"elementor-element elementor-element-c958159 elementor-widget elementor-widget-heading\" data-id=\"c958159\" data-element_type=\"widget\" data-e-type=\"widget\" data-widget_type=\"heading.default\">\n\t\t\t\t\t<h5 class=\"elementor-heading-title elementor-size-default\">Calidad Garantizada<\/h5>\t\t\t\t<\/div>\n\t\t\t\t<div class=\"elementor-element elementor-element-06d0491 elementor-widget elementor-widget-text-editor\" data-id=\"06d0491\" data-element_type=\"widget\" data-e-type=\"widget\" data-widget_type=\"text-editor.default\">\n\t\t\t\t\t\t\t\t\t<p>Ponemos a tu alcance una selecci\u00f3n de jamones que no falla.<\/p>\t\t\t\t\t\t\t\t<\/div>\n\t\t\t\t<\/div>\n\t\t\t\t\t<\/div>\n\t\t\t\t<\/div>\n\t\t\t\t<\/div>\n\t\t","protected":false},"excerpt":{"rendered":"<p>[ JAMONES SELECCIONADOS CON ORIGEN Y TRADICI\u00d3N ] Calidad que se nota en cada corte El jam\u00f3n no es solo un producto, es una experiencia. En Xarcuteria Selecta Paqui, seleccionamos cada pieza pensando en lo m\u00e1s importante:&nbsp;el sabor, la calidad&nbsp;y el&nbsp;disfrute real. Selecci\u00f3n Artesanal Sabemos que elegir un buen jam\u00f3n no siempre es f\u00e1cil, por [&hellip;]<\/p>\n","protected":false},"author":1,"featured_media":0,"parent":2952,"menu_order":0,"comment_status":"closed","ping_status":"closed","template":"","meta":{"footnotes":""},"class_list":["post-7282","page","type-page","status-publish","hentry"],"_links":{"self":[{"href":"https:\/\/xarcuteriapaqui.es\/index.php\/wp-json\/wp\/v2\/pages\/7282","targetHints":{"allow":["GET"]}}],"collection":[{"href":"https:\/\/xarcuteriapaqui.es\/index.php\/wp-json\/wp\/v2\/pages"}],"about":[{"href":"https:\/\/xarcuteriapaqui.es\/index.php\/wp-json\/wp\/v2\/types\/page"}],"author":[{"embeddable":true,"href":"https:\/\/xarcuteriapaqui.es\/index.php\/wp-json\/wp\/v2\/users\/1"}],"replies":[{"embeddable":true,"href":"https:\/\/xarcuteriapaqui.es\/index.php\/wp-json\/wp\/v2\/comments?post=7282"}],"version-history":[{"count":49,"href":"https:\/\/xarcuteriapaqui.es\/index.php\/wp-json\/wp\/v2\/pages\/7282\/revisions"}],"predecessor-version":[{"id":7350,"href":"https:\/\/xarcuteriapaqui.es\/index.php\/wp-json\/wp\/v2\/pages\/7282\/revisions\/7350"}],"up":[{"embeddable":true,"href":"https:\/\/xarcuteriapaqui.es\/index.php\/wp-json\/wp\/v2\/pages\/2952"}],"wp:attachment":[{"href":"https:\/\/xarcuteriapaqui.es\/index.php\/wp-json\/wp\/v2\/media?parent=7282"}],"curies":[{"name":"wp","href":"https:\/\/api.w.org\/{rel}","templated":true}]}}