{"id":6453,"date":"2026-02-26T20:41:50","date_gmt":"2026-02-26T20:41:50","guid":{"rendered":"https:\/\/xarcuteriapaqui.es\/?page_id=6453"},"modified":"2026-02-26T20:48:16","modified_gmt":"2026-02-26T20:48:16","slug":"terminos-y-condiciones-de-venta","status":"publish","type":"page","link":"https:\/\/xarcuteriapaqui.es\/index.php\/terminos-y-condiciones-de-venta\/","title":{"rendered":"T\u00e9rminos y Condiciones de Venta"},"content":{"rendered":"\t\t<div data-elementor-type=\"wp-page\" data-elementor-id=\"6453\" class=\"elementor elementor-6453\">\n\t\t\t\t<div class=\"elementor-element elementor-element-4086e0e2 e-con-full e-flex e-con e-parent\" data-id=\"4086e0e2\" data-element_type=\"container\" data-e-type=\"container\">\n\t\t\t\t<div class=\"elementor-element elementor-element-66308d8d elementor-widget elementor-widget-text-editor\" data-id=\"66308d8d\" data-element_type=\"widget\" data-e-type=\"widget\" data-widget_type=\"text-editor.default\">\n\t\t\t\t\t\t\t\t\t\n<h5 class=\"wp-block-heading\"><strong>CONDICIONES GENERALES DE USO Y CONDICIONES GENERALES DE VENTA DE LA TIENDA ONLINE<\/strong><\/h5>\n\n<ol class=\"wp-block-list\">\n<li><strong>IDENTIFICACI\u00d3N DEL RESPONSABLE DEL SITIO WEB.<\/strong><\/li>\n<\/ol>\n\n<p>El titular de la web y responsable de los datos es Xarcuteria Paqui<\/p>\n\n<p><strong>C.I.F.:<\/strong><\/p>\n\n<p><strong>Domicilio social:<\/strong> Mercado del Caba\u00f1al, Valencia.<\/p>\n\n<p><strong>Correo electr\u00f3nico:<\/strong> <a href=\"mailto:info@xarcuteriapaqui.es\">info@xarcuteriapaqui.es<\/a><\/p>\n\n<p><strong>Finalidad de sitio web:<\/strong> Oferta de productos.<\/p>\n\n<p><strong>P\u00e1gina web:<\/strong> <a href=\"https:\/\/xarcuteriapaqui.es\">https:\/\/xarcuteriapaqui.es<\/a><\/p>\n\n<ol class=\"wp-block-list\" start=\"2\">\n<li><strong>OBJETO<\/strong><\/li>\n<\/ol>\n\n<p>El presente documento tiene por objeto establecer las Condiciones Generales de Uso y las Condiciones Generales de Venta de la plataforma online: xarcuteriapaqui.es.<\/p>\n\n<p>Xarcuteria Paqui se reserva el derecho a modificar las Condiciones Generales de Uso y las Condiciones Generales de Venta para adecuarlas a la legislaci\u00f3n vigente aplicable en cada momento, las novedades jurisprudenciales y las pr\u00e1cticas habituales de mercado.<\/p>\n\n<p>Tanto la navegaci\u00f3n por las p\u00e1ginas del dominio xarcuteriapaqui.es como la compra de cualquier producto suponen la aceptaci\u00f3n de las Condiciones Generales de Uso y de las Condiciones Generales de Venta descritas en esa p\u00e1gina. La venta s\u00f3lo ser\u00e1 aplicable en Pen\u00ednsula y Baleares.<\/p>\n\n<p>Todas las adquisiciones de Productos comprados a trav\u00e9s del Sitio Web, previa identificaci\u00f3n y autenticaci\u00f3n, a trav\u00e9s del nombre de usuario y contrase\u00f1a que fuese suministrado, se considerar\u00e1n v\u00e1lidamente realizadas por el Cliente, y ser\u00e1n vinculantes. En consecuencia, el Cliente ser\u00e1 el responsable en exclusiva de cualesquiera compras de Productos a trav\u00e9s del Sitio Web por parte de cualquier tercero que haga uso de su usuario y contrase\u00f1a. La realizaci\u00f3n de pedidos desde el Sitio Web por parte de un menor de edad que falsee la informaci\u00f3n de registro, se entender\u00e1 realizada bajo la supervisi\u00f3n y autorizaci\u00f3n de sus padres, tutores o representantes legales.<\/p>\n\n<p>En caso de contradicci\u00f3n entre los t\u00e9rminos y condiciones manifestadas en las presentes Condiciones Generales y las Condiciones Particulares, en caso de haberlas, prevalecer\u00e1n siempre las condiciones acordadas en este \u00faltimo instrumento respecto de aquellos t\u00e9rminos incompatibles, y tan solo respecto de aquellos Productos sometidos a dichas condiciones espec\u00edficas.<\/p>\n\n<ol class=\"wp-block-list\" start=\"3\">\n<li><strong>CONDICIONES GENERALES DE USO<\/strong><\/li>\n<\/ol>\n\n<p>La utilizaci\u00f3n de este sitio web implica la aceptaci\u00f3n por parte del Usuario de las condiciones de uso incluidas en este Aviso. En el caso de que ciertos servicios contenidos y\/o herramientas ofrecidos a trav\u00e9s de xarcuteriapaqui.es requirieran de la aplicaci\u00f3n de condiciones particulares, estas se pondr\u00e1n a disposici\u00f3n del Usuario.<\/p>\n\n<p>Por otra parte, Xarcuteria Paqui advierte que, tanto los contenidos y servicios de esta p\u00e1gina web como las propias condiciones de utilizaci\u00f3n, pueden ser modificados sin notificaci\u00f3n previa.<\/p>\n\n<p>La plataforma xarcuteriapaqui.es solo puede ser utilizado con prop\u00f3sitos legales, por tanto, el usuario se obliga a hacer un uso l\u00edcito y honrado del portal y conforme a las presentes Condiciones Generales de Uso, a No utilizar los servicios de la web para la realizaci\u00f3n de actividades contrarias a las legislaci\u00f3n espa\u00f1ola, a la moral y al orden p\u00fablico, asumiendo por parte del usuario todas las responsabilidades de da\u00f1os y perjuicios frente al titular del dominio o terceros que pudieran derivarse de pr\u00e1cticas ilegales o no permitidas.<\/p>\n\n<p>Xarcuteria Paqui no responde de los Enlaces (LINKS) a otras p\u00e1ginas de Internet de terceros y su existencia no implica que Xarcuteria Paqui apruebe o acepte sus contenidos y servicios. Estas otras p\u00e1ginas web no est\u00e1n controladas por Xarcuteria Paqui ni cubiertas por la presente Pol\u00edtica de Privacidad. Si accede a otras p\u00e1ginas web utilizando los Links proporcionados, los operadores de dichos sitios web podr\u00e1n recoger su informaci\u00f3n personal. Aseg\u00farese que est\u00e1 conforme con las Pol\u00edticas de Privacidad de estas terceras p\u00e1ginas web antes de facilitar ning\u00fan tipo de informaci\u00f3n personal.<\/p>\n\n<p>Con car\u00e1cter general, el titular del dominio, excluye su responsabilidad por los da\u00f1os y perjuicios de cualquier naturaleza e \u00edndole que pudieran derivarse del uso del sitio web de, as\u00ed como a los da\u00f1os y perjuicios derivados\u00a0 de la infracci\u00f3n de los derechos de propiedad Intelectual e Industrial por parte de los usuarios y\/o la falta de veracidad, exactitud,\u00a0 y actualidad de los contenidos, ni le podr\u00e1n ser exigidas responsabilidades por la interrupci\u00f3n del servicio, inadecuado funcionamiento o imposibilidad de acceso al servicio.<\/p>\n\n<p>El sitio web, incluyendo a t\u00edtulo enunciativo, pero no limitativo, su programaci\u00f3n, dise\u00f1os, logotipos, texto y\/o gr\u00e1ficos son propiedad del prestador o en su caso dispone de licencia o autorizaci\u00f3n expresa por parte de los autores.<\/p>\n\n<p>Independientemente de la finalidad para la que fueran destinados, la reproducci\u00f3n total o parcial, uso, explotaci\u00f3n, distribuci\u00f3n y comercializaci\u00f3n, requiere en todo caso de la autorizaci\u00f3n escrita previa por parte del titular del dominio.<\/p>\n\n<p>El usuario se compromete a no realizar ning\u00fan acto en contra de los derechos de propiedad intelectual o industrial del autor.<\/p>\n\n<p>El prestador autoriza expresamente a que terceros puedan redirigir directamente a los contenidos concretos del sitio web.<\/p>\n\n<ol class=\"wp-block-list\" start=\"4\">\n<li><strong>NAVEGACI\u00d3N Y REGISTRO EN LA TIENDA ONLINE<\/strong><\/li>\n<\/ol>\n\n<p>El acceso y consulta del cat\u00e1logo de los productos y\/o servicios publicados en el Sitio Web xarcuteriapaqui.es tiene car\u00e1cter libre y gratuito, no siendo necesario el registro de los usuarios.<\/p>\n\n<p>La utilizaci\u00f3n de determinados servicios y el proceso de compra de los productos y\/o servicios expuestos en el Sitio Web estar\u00e1n condicionados a su registro previo, dicho registro se realizar\u00e1 durante el proceso de compra. Los datos introducidos por el Usuario deber\u00e1n ser exactos, actuales y veraces en todo momento. Se le asignar\u00e1 un nombre de usuario (relacionado con el email que utilice para hacer el pedido) y deber\u00e1 introducir una contrase\u00f1a. Le llegar\u00e1 un email con su nombre de usuario y la forma de acceder a su cuenta. El acceso ser\u00e1 con su usuario y la contrase\u00f1a, estos datos son elementos habilitadores para acceder y efectuar las compras y tienen car\u00e1cter confidencial, personal e intransferible. El nombre de usuario no podr\u00e1 ser modificado por el Cliente, pero si la contrase\u00f1a, en cuyo caso las claves modificadas perder\u00e1n su validez. El cliente ser\u00e1 responsable en todo momento de su custodia, asumiendo en consecuencia cualesquiera da\u00f1os y perjuicios que pudieran derivarse de su uso indebido, as\u00ed como de la cesi\u00f3n, revelaci\u00f3n o extrav\u00edo del mismo. A estos efectos, el acceso a \u00e1reas restringidas y\/o el uso de los servicios y contenidos realizado bajo el password de un Usuario registrado se reputar\u00e1n realizados por dicho Usuario registrado, quien responder\u00e1 en todo caso de dicho acceso y uso.<\/p>\n\n<p>En el momento en que usted se registra en nuestro servidor o realiza un pedido, sus datos personales, domiciliarios, y los relativos a su forma de pago, son incorporados a nuestra base de datos, utiliz\u00e1ndose \u00fanicamente para tramitar el pedido, as\u00ed como para enviar informaci\u00f3n sobre ofertas y servicios que puedan resultar de su inter\u00e9s.<\/p>\n\n<p>La relaci\u00f3n jur\u00eddica derivada del registro como Cliente del Canal Online tiene una duraci\u00f3n indefinida.<\/p>\n\n<p>Cualquiera de las partes podr\u00e1 dar por terminada o suspender la presente relaci\u00f3n contractual unilateralmente en cualquier momento y sin m\u00e1s causa que su voluntad en tal sentido, sin perjuicio de las obligaciones derivadas de la formalizaci\u00f3n de pedidos con anterioridad a la terminaci\u00f3n de la relaci\u00f3n. El Cliente podr\u00e1 ejercitar unilateralmente el derecho de terminaci\u00f3n mediante el proceso de cancelaci\u00f3n de cuentas.<\/p>\n\n<ol class=\"wp-block-list\" start=\"5\">\n<li><strong>INFORMACI\u00d3N DE LOS PRODUCTOS<\/strong><\/li>\n<\/ol>\n\n<p>Toda la informaci\u00f3n relativa a los productos y\/o servicios ofertados por Xarcuteria Paqui ser\u00e1n publicados a trav\u00e9s del Sitio Web xarcuteriapaqui.es, indic\u00e1ndose la siguiente informaci\u00f3n respecto a cada uno de ellos:<\/p>\n\n<ul class=\"wp-block-list\">\n<li>Nombre del producto<\/li>\n\n<li>Im\u00e1genes del producto<\/li>\n\n<li>Descripci\u00f3n y contenido del producto<\/li>\n\n<li>Precio del producto<\/li>\n\n<li>Descuentos del producto (si procede)<\/li>\n\n<li>Disponibilidad de env\u00edo a domicilio<\/li>\n\n<li>Otros productos relacionados y recomendados<\/li>\n<\/ul>\n\n<ol class=\"wp-block-list\" start=\"6\">\n<li><strong>PROCESO DE COMPRA<\/strong><\/li>\n<\/ol>\n\n<p>El procedimiento que el Usuario deber\u00e1 seguir para contratar productos a trav\u00e9s del Sitio Web es el siguiente:<\/p>\n\n<p>1\u00ba- Hacer click en cualquiera de las pesta\u00f1as de los distintos productos. En la pantalla del producto seleccionado se muestran las caracter\u00edsticas del producto, el precio de venta, el precio rebajado o el precio de pago a plazos, \u00a0y si el producto est\u00e1 en stock disponible. Para seleccionar el producto el Usuario debe hacer clic en \u201cA\u00f1adir al carrito\u201d.<\/p>\n\n<p>2\u00ba- Una vez el Usuario ha agregado el producto al carrito puede ir al carrito de compra o continuar con la compra. Para ir al carrito deber\u00e1 clicar en el texto \u201cver carrito\u201d.<\/p>\n\n<p>3\u00ba En el momento que el usuario decide Ir al carrito se inicia el proceso de pago.<\/p>\n\n<ul class=\"wp-block-list\">\n<li>Aparece un resumen con todos los productos del carrito de compra.<\/li>\n\n<li>Aparece el subtotal de los productos, una calculadora de gastos de env\u00edo y el total con impuestos.<\/li>\n\n<li>Para continuar el proceso de pago deber\u00e1 clicar en \u201cFinalizar compra\u201d.<\/li>\n<\/ul>\n\n<p>4\u00ba P\u00e1gina de finalizar compra.<\/p>\n\n<ul class=\"wp-block-list\">\n<li>Aparece la posibilidad de iniciar sesi\u00f3n para los usuarios ya registrados. Si se accede a su cuenta no ser\u00e1 necesario introducir todos sus datos de facturaci\u00f3n.<\/li>\n\n<li>Los usuarios no registrados deber\u00e1n cumplimentar todos sus datos y en el mismo proceso crear\u00e1n su cuenta de usuario.<\/li>\n\n<li>Elegir el tipo de transporte.<\/li>\n\n<li>Elegir el tipo de pago.<\/li>\n\n<li>Y confirmar el pedido.<\/li>\n<\/ul>\n\n<ol class=\"wp-block-list\" start=\"7\">\n<li><strong>FORMAS DE PAGO<\/strong><\/li>\n<\/ol>\n\n<p>Xarcuteria Paqui pone varias v\u00edas para el pago de su compra en xarcuteriapaqui.es:<\/p>\n\n<p>\u2013 Pago seguro por tarjeta de cr\u00e9dito\/d\u00e9bito: puedes utilizar las siguientes tarjetas de cr\u00e9dito:<\/p>\n\n<ol class=\"wp-block-list\">\n<li>VISA<\/li>\n\n<li>MasterCard<\/li>\n\n<li>Y todas las expedidas en Espa\u00f1a<\/li>\n<\/ol>\n\n<p>Una vez hayas validado toda la informaci\u00f3n sobre tu compra (art\u00edculos, modos de env\u00edo, direcci\u00f3n de entrega y de facturaci\u00f3n) y hayas confirmado el pedido el cliente ser\u00e1 redireccionado a la p\u00e1gina del TPV virtual(REDSYS). Una vez finalizado el proceso de compra ser\u00e1 devuelto de nuevo a la p\u00e1gina y ser\u00e1 notificado que el proceso se realiz\u00f3 satisfactoriamente.<\/p>\n\n<p>Si el proceso de pago no se realizar\u00e1 correctamente ser\u00e1 notificado al cliente.<\/p>\n\n<p>En el caso de que la plataforma de pago informar\u00e1 de la denegaci\u00f3n de la tarjeta, se cancelar\u00e1 autom\u00e1ticamente el pedido, informando online y en el momento, al cliente de la anulaci\u00f3n.<\/p>\n\n<ol class=\"wp-block-list\" start=\"8\">\n<li><strong>GASTOS DE ENV\u00cdO<\/strong><\/li>\n<\/ol>\n\n<p>Los pedidos tendr\u00e1 un coste de env\u00edo de XX\u20ac para importes en el carrito inferiores a XX\u20ac. Por encima de XX\u20ac el coste de env\u00edo es gratuito.<\/p>\n\n<ol class=\"wp-block-list\" start=\"9\">\n<li><strong>DEVOLUCIONES<\/strong><\/li>\n<\/ol>\n\n<p>En Xarcuteria Paqui queremos que qued\u00e9is encantados con vuestras compras. Por tanto, si por cualquier raz\u00f3n no est\u00e1s completamente satisfecho con tu compra, sigue leyendo:<\/p>\n\n<p>No aceptamos\u00a0devoluciones de productos que hayan sido abiertos o manipulados, deben\u00a0encontrarse en perfecto estado en su embalaje original, salvo que se trate de productos defectuosos.<\/p>\n\n<p>La devoluci\u00f3n\u00a0debe hacerse usando la misma caja en que ha sido recibido el paquete. Si no se\u00a0cuenta con la caja original, deber\u00e1 devolverlo en otra que proteja el producto\u00a0para que llegue a nuestro almac\u00e9n en las mejores condiciones posibles.<\/p>\n\n<p>Realizamos\u00a0siempre una comprobaci\u00f3n de los productos que se quieren devolver para\u00a0confirmar que cumplen con las condiciones de devoluci\u00f3n antes de proceder al reembolso de los importes o al env\u00edo de un nuevo producto.<\/p>\n\n<p>Si una vez\u00a0examinado el producto no cumple con las condiciones de devoluci\u00f3n, el cliente\u00a0se har\u00e1 cargo de los gastos de transporte.<\/p>\n\n<p>No est\u00e1n\u00a0permitidos cambios ni devoluciones de nuestros art\u00edculos comprados de manera\u00a0online en nuestras tiendas f\u00edsicas.<\/p>\n\n<p>No se admiten\u00a0devoluciones en jamones y paletas cuando se haya consumido m\u00e1s del 15% del\u00a0total del producto. Por lo tanto, si no est\u00e1 conforme al comenzar a cortar la\u00a0pieza, p\u00f3ngase en contacto con nosotros.\u00a0<\/p>\n\n<p>El importe se\u00a0rembolsar\u00e1 en la misma forma de pago y cuenta desde la que se realiz\u00f3 la\u00a0compra, en un plazo m\u00e1ximo de 15 d\u00edas naturales desde la fecha de confirmaci\u00f3n\u00a0de la devoluci\u00f3n.<\/p>\n\n<p><strong>9.1. Derecho legal a desistir de la compra<\/strong><\/p>\n\n<p>El Usuario tiene reconocido el derecho de desistimiento de la compra efectuada a trav\u00e9s del Sitio Web, y por tanto, si no queda satisfecho, podr\u00e1 devolver el producto en un plazo m\u00e1ximo de catorce (14) d\u00edas naturales desde que haya adquirido la posesi\u00f3n del producto\/s y conservando el embalaje original del producto en perfecto estado.<\/p>\n\n<p><strong>Los portes de devoluci\u00f3n ser\u00e1n abonados por el cliente\u00a0<\/strong>y la tramitaci\u00f3n de la devoluci\u00f3n de cualquier producto que se adquiera online por la p\u00e1gina web se realizar\u00e1 por el mismo m\u00e9todo, por lo que\u00a0<strong>en ning\u00fan caso se aceptar\u00e1n devoluciones en la tienda f\u00edsica<\/strong>. Por otra parte,\u00a0<strong>no se gestionan cambios<\/strong>, por lo que en caso de querer cambiar un art\u00edculo se tendr\u00e1 que solicitar una devoluci\u00f3n y despu\u00e9s realizar un nuevo pedido del producto deseado.<\/p>\n\n<p>Para ejercer el derecho de desistimiento se ha de enviar un correo electr\u00f3nico a info@xarcuteriapaqui.es con el asunto \u201c<em>DEVOLUCI\u00d3N N\u00ba PEDIDO XXX\u00a0<\/em>(incluir el n\u00ba de pedido correspondiente)\u201d e incluyendo en el mensaje los siguientes datos:<\/p>\n\n<p>\u2013 Nombre y apellidos<\/p>\n\n<p>\u2013 N\u00ba de pedido<\/p>\n\n<p>Una vez confirmada la devoluci\u00f3n, se enviar\u00e1n las pautas para la misma por correo electr\u00f3nico.<\/p>\n\n<p>Cabe recordar que el derecho a desistir de la compra ser\u00e1 de aplicaci\u00f3n exclusivamente a aquellos productos que se devuelvan en las mismas condiciones en las que se recibi\u00f3, con la etiqueta correspondiente y usando el envoltorio original.<\/p>\n\n<p>El Cliente ser\u00e1 responsable de la disminuci\u00f3n de valor de los bienes resultante de una manipulaci\u00f3n de los mismos distinta a la necesaria para establecer su naturaleza, sus caracter\u00edsticas o su funcionamiento. En todo caso, a los efectos de hacer uso del derecho de desistimiento, es necesario que los productos sean devueltos en sus embalajes originales junto con la factura, en el caso de que se devuelvan sin dichos embalajes originales o con desperfectos el importe que se abonar\u00e1 al cliente por la devoluci\u00f3n del producto ser\u00e1 disminuido en la cantidad que corresponda. Antes de devolver el producto, el cliente debe asegurarse de que el mismo se encuentra debidamente protegido y precintado para que no sufra ning\u00fan da\u00f1o durante el transporte.<\/p>\n\n<ol class=\"wp-block-list\" start=\"2\">\n<li><strong>Posibles productos defectuosos<\/strong><\/li>\n<\/ol>\n\n<p>En Xarcuter\u00eda Paqui revisamos cuidadosamente cada producto antes de enviarlo. Sin embargo, en el caso de alguna incidencia en la mercanc\u00eda, deber\u00e1s ponerte en contacto con nosotros de forma inmediata (m\u00e1ximo 24 horas despu\u00e9s de la recepci\u00f3n del medido) a trav\u00e9s de info@xarcuteriapaqui.es con el asunto \u201c<em>PRODUCTO DEFECTUOSO N\u00ba PEDIDO XXX\u00a0<\/em>(incluir el n\u00ba de pedido correspondiente)\u201d y aportando las fotograf\u00edas del embalaje original, las etiquetas de la caja y el defecto del art\u00edculo. Sin fotograf\u00edas no podemos tramitar la incidencia.<\/p>\n\n<p>Los cambios por tara no se admitir\u00e1n una vez pasadas las 24 horas de la recepci\u00f3n del art\u00edculo. En caso de da\u00f1os ocasionados durante el transporte, tienes un plazo de 24 horas para notificar los desperfectos a info@xarcuteriapaqui.es con el asunto \u201c<em>TRANSPORTE DESPERFECTO N\u00ba PEDIDO XXX\u00a0<\/em>(incluir el n\u00ba de pedido correspondiente\u201d. Adem\u00e1s, debes dejar constancia de los desperfectos en el albar\u00e1n de entrega del transporte.<\/p>\n\n<ol class=\"wp-block-list\" start=\"10\">\n<li><strong>GARANT\u00cdAS<\/strong><\/li>\n<\/ol>\n\n<p>Xarcuteria Paqui otorga a los Usuarios la garant\u00eda legal en aplicaci\u00f3n del Real Decreto Legislativo 1\/2007, de 16 de noviembre, por el que se aprueba el texto refundido de la Ley General para la Defensa de los Consumidores y Usuarios y otras leyes complementarios.<\/p>\n\t\t\t\t\t\t\t\t<\/div>\n\t\t\t\t<\/div>\n\t\t\t\t<\/div>\n\t\t","protected":false},"excerpt":{"rendered":"<p>CONDICIONES GENERALES DE USO Y CONDICIONES GENERALES DE VENTA DE LA TIENDA ONLINE El titular de la web y responsable de los datos es Xarcuteria Paqui C.I.F.: Domicilio social: Mercado del Caba\u00f1al, Valencia. Correo electr\u00f3nico: info@xarcuteriapaqui.es Finalidad de sitio web: Oferta de productos. P\u00e1gina web: https:\/\/xarcuteriapaqui.es El presente documento tiene por objeto establecer las Condiciones [&hellip;]<\/p>\n","protected":false},"author":1,"featured_media":0,"parent":0,"menu_order":0,"comment_status":"closed","ping_status":"closed","template":"","meta":{"footnotes":""},"class_list":["post-6453","page","type-page","status-publish","hentry"],"_links":{"self":[{"href":"https:\/\/xarcuteriapaqui.es\/index.php\/wp-json\/wp\/v2\/pages\/6453","targetHints":{"allow":["GET"]}}],"collection":[{"href":"https:\/\/xarcuteriapaqui.es\/index.php\/wp-json\/wp\/v2\/pages"}],"about":[{"href":"https:\/\/xarcuteriapaqui.es\/index.php\/wp-json\/wp\/v2\/types\/page"}],"author":[{"embeddable":true,"href":"https:\/\/xarcuteriapaqui.es\/index.php\/wp-json\/wp\/v2\/users\/1"}],"replies":[{"embeddable":true,"href":"https:\/\/xarcuteriapaqui.es\/index.php\/wp-json\/wp\/v2\/comments?post=6453"}],"version-history":[{"count":11,"href":"https:\/\/xarcuteriapaqui.es\/index.php\/wp-json\/wp\/v2\/pages\/6453\/revisions"}],"predecessor-version":[{"id":6465,"href":"https:\/\/xarcuteriapaqui.es\/index.php\/wp-json\/wp\/v2\/pages\/6453\/revisions\/6465"}],"wp:attachment":[{"href":"https:\/\/xarcuteriapaqui.es\/index.php\/wp-json\/wp\/v2\/media?parent=6453"}],"curies":[{"name":"wp","href":"https:\/\/api.w.org\/{rel}","templated":true}]}}