{"id":3356,"date":"2026-02-24T09:28:55","date_gmt":"2026-02-24T09:28:55","guid":{"rendered":"https:\/\/wpdemo.archiwp.com\/theratio-dark\/?page_id=3356"},"modified":"2026-02-26T20:59:32","modified_gmt":"2026-02-26T20:59:32","slug":"inicio","status":"publish","type":"page","link":"https:\/\/xarcuteriapaqui.es\/","title":{"rendered":"Inicio"},"content":{"rendered":"\t\t<div data-elementor-type=\"wp-page\" data-elementor-id=\"3356\" class=\"elementor elementor-3356\">\n\t\t\t\t\t\t<section class=\"elementor-section elementor-top-section elementor-element elementor-element-75bf210 elementor-section-full_width has-lines-horizontal has-lines-vertical has-lines-horizontal-bottom elementor-section-height-default elementor-section-height-default no-lines-vertical-center\" data-id=\"75bf210\" data-element_type=\"section\" data-e-type=\"section\">\n\t\t\t\t\t\t<div class=\"elementor-container elementor-column-gap-default\">\n\t\t\t\t\t<div class=\"elementor-column elementor-col-100 elementor-top-column elementor-element elementor-element-4da9ff9 ot-flex-column-vertical\" data-id=\"4da9ff9\" data-element_type=\"column\" data-e-type=\"column\">\n\t\t\t<div class=\"elementor-widget-wrap elementor-element-populated\">\n\t\t\t\t\t\t<div class=\"elementor-element elementor-element-49890ee elementor-widget elementor-widget-slider_revolution\" data-id=\"49890ee\" data-element_type=\"widget\" data-e-type=\"widget\" data-widget_type=\"slider_revolution.default\">\n\t\t\t\t\t\n\t\t<div class=\"wp-block-themepunch-revslider\">\n\t\t\t\t<p class=\"rs-p-wp-fix\"><\/p>\n\t\t\t\t<sr7-module data-alias=\"home-1\" data-id=\"17\" id=\"SR7_17_1\" class=\"rs-ov-hidden\" data-version=\"6.7.40\">\n\t\t\t\t\t<sr7-adjuster><\/sr7-adjuster>\n\t\t\t\t\t<sr7-content>\n\t\t\t\t\t\t<sr7-slide id=\"SR7_17_1-66\" data-key=\"66\">\n\t\t\t\t\t\t\t<sr7-bg id=\"SR7_17_1-66-13\" class=\"sr7-layer\"><noscript><img decoding=\"async\" src=\"https:\/\/xarcuteriapaqui.es\/wp-content\/uploads\/2026\/02\/jamones.jpg\" alt=\"\" title=\"jamones\"><\/noscript><\/sr7-bg>\n\t\t\t\t\t\t\t<sr7-txt id=\"SR7_17_1-66-0\" class=\"sr7-layer\">Especializados en Jamones,<br \/>\nQuesos y Productos Gourmet<\/sr7-txt>\n\t\t\t\t\t\t\t<sr7-txt id=\"SR7_17_1-66-1\" class=\"sr7-layer\">Asesoramos a nuestros clientes \u2014 ayud\u00e1ndolos siempre a elegir los mejores productos.<\/sr7-txt>\n\t\t\t\t\t\t\t<a id=\"SR7_17_1-66-2\" class=\"sr7-layer\" href=\"https:\/\/xarcuteriapaqui.es\/index.php\/contacto\/\" target=\"_self\" rel=\"nofollow\">Cont\u00e1ctanos<\/a>\n\t\t\t\t\t\t\t<sr7-txt id=\"SR7_17_1-66-3\" class=\"sr7-layer\">gourmet<\/sr7-txt>\n\t\t\t\t\t\t\t<a id=\"SR7_17_1-66-12\" class=\"sr7-layer\" href=\"https:\/\/xarcuteriapaqui.es\/index.php\/Especialidades\/\" target=\"_self\" rel=\"nofollow\">Especialidades<\/a>\n\t\t\t\t\t\t<\/sr7-slide>\n\t\t\t\t\t\t<sr7-slide id=\"SR7_17_1-75\" data-key=\"75\">\n\t\t\t\t\t\t<\/sr7-slide>\n\t\t\t\t\t<\/sr7-content>\n\t\t\t\t\t<image_lists style=\"display:none\">\n\t\t\t\t\t\t<img data-src=\"\/\/xarcuteriapaqui.es\/wp-content\/uploads\/2026\/02\/jamones.jpg\" data-libid=\"5649\" data-lib=\"medialibrary\" title=\"jamones\" width=\"0\" height=\"0\" data-dbsrc=\"Ly94YXJjdXRlcmlhcGFxdWkuZXMvd3AtY29udGVudC91cGxvYWRzLzIwMjYvMDIvamFtb25lcy5qcGc=\"\/>\n\t\t\t\t\t<\/image_lists>\n\t\t\t\t<\/sr7-module>\n\t\t\t\t<script>\n\t\t\t\t\tSR7.PMH ??={}; SR7.PMH[\"SR7_17_1\"] = {cn:100,state:false,fn: function() { if (_tpt!==undefined && _tpt.prepareModuleHeight !== undefined) {  _tpt.prepareModuleHeight({id:\"SR7_17_1\",el:[950,950,600,630,600],type:'hero',shdw:'0',gh:[950,950,600,630,600],gw:[1200,1200,1024,768,480],vpt:['-100px&#039;,&#039;-100px&#039;,&#039;-100px&#039;,&#039;-100px&#039;,&#039;-100px'],size:{fullWidth:true, fullHeight:true},fho:',0px',mh:'0',onh:0,onw:0,bg:{color:'{\"orig\":\"transparent\",\"type\":\"solid\",\"string\":\"transparent\"}'}});   SR7.PMH[\"SR7_17_1\"].state=true;} else if(SR7.PMH[\"SR7_17_1\"].cn-->0)\tsetTimeout( SR7.PMH[\"SR7_17_1\"].fn,19);}};SR7.PMH[\"SR7_17_1\" ].fn();\n\t\t\t\t<\/script>\n<\/div>\n\n\t\t\t\t\t\t<\/div>\n\t\t\t\t<div class=\"elementor-element elementor-element-d1e0ae6 elementor-absolute elementor-widget__width-initial ot-social-vertical elementor-hidden-tablet elementor-hidden-phone elementor-icon-list--layout-traditional elementor-list-item-link-full_width elementor-widget elementor-widget-icon-list\" data-id=\"d1e0ae6\" data-element_type=\"widget\" data-e-type=\"widget\" data-settings=\"{&quot;_position&quot;:&quot;absolute&quot;}\" data-widget_type=\"icon-list.default\">\n\t\t\t\t\t\t\t<ul class=\"elementor-icon-list-items\">\n\t\t\t\t\t\t\t<li class=\"elementor-icon-list-item\">\n\t\t\t\t\t\t\t\t\t\t\t<a href=\"https:\/\/www.instagram.com\/xarcuteriapaqui\">\n\n\t\t\t\t\t\t\t\t\t\t\t<span class=\"elementor-icon-list-text\">Facebook<\/span>\n\t\t\t\t\t\t\t\t\t\t\t<\/a>\n\t\t\t\t\t\t\t\t\t<\/li>\n\t\t\t\t\t\t\t\t<li class=\"elementor-icon-list-item\">\n\t\t\t\t\t\t\t\t\t\t\t<a href=\"https:\/\/www.instagram.com\/xarcuteriapaqui\">\n\n\t\t\t\t\t\t\t\t\t\t\t<span class=\"elementor-icon-list-text\">instagram<\/span>\n\t\t\t\t\t\t\t\t\t\t\t<\/a>\n\t\t\t\t\t\t\t\t\t<\/li>\n\t\t\t\t\t\t<\/ul>\n\t\t\t\t\t\t<\/div>\n\t\t\t\t\t<\/div>\n\t\t<\/div>\n\t\t\t\t\t<\/div>\n\t\t<\/section>\n\t\t<div class=\"elementor-element elementor-element-39e899f e-grid e-con-boxed e-con e-parent\" data-id=\"39e899f\" data-element_type=\"container\" data-e-type=\"container\">\n\t\t\t\t\t<div class=\"e-con-inner\">\n\t\t<div class=\"elementor-element elementor-element-2f6e23a e-grid e-con-full e-con e-child\" data-id=\"2f6e23a\" data-element_type=\"container\" data-e-type=\"container\">\n\t\t\t\t<div class=\"elementor-element elementor-element-54fbf3a elementor-widget elementor-widget-heading\" data-id=\"54fbf3a\" data-element_type=\"widget\" data-e-type=\"widget\" data-widget_type=\"heading.default\">\n\t\t\t\t\t<h2 class=\"elementor-heading-title elementor-size-default\"><a href=\"https:\/\/xarcuteriapaqui.es\/index.php\/terminos-y-condiciones-de-venta\/\">Condiciones Generales de la Venta<\/a><\/h2>\t\t\t\t<\/div>\n\t\t\t\t<div class=\"elementor-element elementor-element-f40ecbe elementor-widget elementor-widget-heading\" data-id=\"f40ecbe\" data-element_type=\"widget\" data-e-type=\"widget\" data-widget_type=\"heading.default\">\n\t\t\t\t\t<h2 class=\"elementor-heading-title elementor-size-default\"><a href=\"https:\/\/xarcuteriapaqui.es\/index.php\/politica-de-cookies\/\">Pol\u00edtica de Cookies<\/a><\/h2>\t\t\t\t<\/div>\n\t\t\t\t<div class=\"elementor-element elementor-element-8cbcfb9 elementor-widget elementor-widget-heading\" data-id=\"8cbcfb9\" data-element_type=\"widget\" data-e-type=\"widget\" data-widget_type=\"heading.default\">\n\t\t\t\t\t<h2 class=\"elementor-heading-title elementor-size-default\"><a href=\"https:\/\/xarcuteriapaqui.es\/index.php\/politica-de-privacidad\/\">Pol\u00edtica de Privacidad y Aviso Legal<\/a><\/h2>\t\t\t\t<\/div>\n\t\t\t\t<\/div>\n\t\t\t\t<div class=\"elementor-element elementor-element-7ea04e3 theratio-align-center elementor-widget elementor-widget-iheading\" data-id=\"7ea04e3\" data-element_type=\"widget\" data-e-type=\"widget\" data-widget_type=\"iheading.default\">\n\t\t\t\t<div class=\"elementor-widget-container\">\n\t\t\t\t\t\t\t<div class=\"ot-heading \">\r\n\t        <span>[ XARCUTER\u00cdA SELECTA PAQUI ]<\/span>\t        <h4 class=\"main-heading\">Ofreciendo los mejores productos Gourmet de Valencia desde 1980<\/h4>\t    <\/div>\r\n\t    \t\t\t\t<\/div>\n\t\t\t\t<\/div>\n\t\t\t\t\t<\/div>\n\t\t\t\t<\/div>\n\t\t\t\t<\/div>\n\t\t","protected":false},"excerpt":{"rendered":"<p>Facebook instagram Condiciones Generales de la Venta Pol\u00edtica de Cookies Pol\u00edtica de Privacidad y Aviso Legal [ XARCUTER\u00cdA SELECTA PAQUI ] Ofreciendo los mejores productos Gourmet de Valencia desde 1980<\/p>\n","protected":false},"author":1,"featured_media":0,"parent":0,"menu_order":0,"comment_status":"closed","ping_status":"closed","template":"","meta":{"footnotes":""},"class_list":["post-3356","page","type-page","status-publish","hentry"],"_links":{"self":[{"href":"https:\/\/xarcuteriapaqui.es\/index.php\/wp-json\/wp\/v2\/pages\/3356","targetHints":{"allow":["GET"]}}],"collection":[{"href":"https:\/\/xarcuteriapaqui.es\/index.php\/wp-json\/wp\/v2\/pages"}],"about":[{"href":"https:\/\/xarcuteriapaqui.es\/index.php\/wp-json\/wp\/v2\/types\/page"}],"author":[{"embeddable":true,"href":"https:\/\/xarcuteriapaqui.es\/index.php\/wp-json\/wp\/v2\/users\/1"}],"replies":[{"embeddable":true,"href":"https:\/\/xarcuteriapaqui.es\/index.php\/wp-json\/wp\/v2\/comments?post=3356"}],"version-history":[{"count":16,"href":"https:\/\/xarcuteriapaqui.es\/index.php\/wp-json\/wp\/v2\/pages\/3356\/revisions"}],"predecessor-version":[{"id":6477,"href":"https:\/\/xarcuteriapaqui.es\/index.php\/wp-json\/wp\/v2\/pages\/3356\/revisions\/6477"}],"wp:attachment":[{"href":"https:\/\/xarcuteriapaqui.es\/index.php\/wp-json\/wp\/v2\/media?parent=3356"}],"curies":[{"name":"wp","href":"https:\/\/api.w.org\/{rel}","templated":true}]}}